{"id":3739,"date":"2018-10-12T03:20:02","date_gmt":"2018-10-12T00:20:02","guid":{"rendered":"http:\/\/tebesiragaci.com\/?page_id=3739"},"modified":"2022-07-29T17:52:19","modified_gmt":"2022-07-29T17:52:19","slug":"siniflarimiz","status":"publish","type":"page","link":"https:\/\/www.tebesiragaci.com\/index.php\/siniflarimiz\/","title":{"rendered":"S\u0131n\u0131flar\u0131m\u0131z"},"content":{"rendered":"<p>[vc_row full_height=&#8221;yes&#8221;][vc_column width=&#8221;1\/3&#8243;][vc_gallery type=&#8221;nivo&#8221; interval=&#8221;5&#8243; images=&#8221;4386,4388,4390,4392,4394&#8243; img_size=&#8221;medium&#8221; title=&#8221;Ar\u0131lar S\u0131n\u0131f\u0131&#8221;][vc_gallery type=&#8221;nivo&#8221; interval=&#8221;0&#8243; images=&#8221;4444,4446,4448,4450,4452,4454,4456,4458&#8243; img_size=&#8221;medium&#8221; title=&#8221;Mart\u0131lar S\u0131n\u0131f\u0131&#8221;][\/vc_column][vc_column width=&#8221;1\/3&#8243;][vc_gallery type=&#8221;nivo&#8221; interval=&#8221;3&#8243; images=&#8221;4420,4422,4424,4426,4428,4430&#8243; img_size=&#8221;medium&#8221; title=&#8221;Kar\u0131ncalar S\u0131n\u0131f\u0131&#8221;][vc_gallery type=&#8221;nivo&#8221; interval=&#8221;3&#8243; images=&#8221;4460,4462,4464&#8243; img_size=&#8221;medium&#8221; title=&#8221;Minik T\u0131rt\u0131llar&#8221;][\/vc_column][vc_column width=&#8221;1\/3&#8243;][vc_gallery type=&#8221;nivo&#8221; interval=&#8221;5&#8243; images=&#8221;4432,4434,4436,4438,4440,4442&#8243; img_size=&#8221;medium&#8221; title=&#8221;Kelebekler S\u0131n\u0131f\u0131&#8221;][vc_gallery type=&#8221;nivo&#8221; interval=&#8221;3&#8243; images=&#8221;4466,4468,4470,4472,4474&#8243; img_size=&#8221;medium&#8221; title=&#8221;T\u0131rt\u0131llar S\u0131n\u0131f\u0131&#8221;][\/vc_column][\/vc_row]<\/p>\n","protected":false},"excerpt":{"rendered":"<p>[vc_row full_height=&#8221;yes&#8221;][vc_column width=&#8221;1\/3&#8243;][vc_gallery type=&#8221;nivo&#8221; interval=&#8221;5&#8243; images=&#8221;4386,4388,4390,4392,4394&#8243; img_size=&#8221;medium&#8221; title=&#8221;Ar\u0131lar S\u0131n\u0131f\u0131&#8221;][vc_gallery type=&#8221;nivo&#8221; interval=&#8221;0&#8243; images=&#8221;4444,4446,4448,4450,4452,4454,4456,4458&#8243; img_size=&#8221;medium&#8221; title=&#8221;Mart\u0131lar S\u0131n\u0131f\u0131&#8221;][\/vc_column][vc_column width=&#8221;1\/3&#8243;][vc_gallery type=&#8221;nivo&#8221; interval=&#8221;3&#8243; images=&#8221;4420,4422,4424,4426,4428,4430&#8243; img_size=&#8221;medium&#8221; &hellip; <\/p>\n","protected":false},"author":1,"featured_media":0,"parent":0,"menu_order":0,"comment_status":"closed","ping_status":"closed","template":"","meta":[],"_links":{"self":[{"href":"https:\/\/www.tebesiragaci.com\/index.php\/wp-json\/wp\/v2\/pages\/3739"}],"collection":[{"href":"https:\/\/www.tebesiragaci.com\/index.php\/wp-json\/wp\/v2\/pages"}],"about":[{"href":"https:\/\/www.tebesiragaci.com\/index.php\/wp-json\/wp\/v2\/types\/page"}],"author":[{"embeddable":true,"href":"https:\/\/www.tebesiragaci.com\/index.php\/wp-json\/wp\/v2\/users\/1"}],"replies":[{"embeddable":true,"href":"https:\/\/www.tebesiragaci.com\/index.php\/wp-json\/wp\/v2\/comments?post=3739"}],"version-history":[{"count":5,"href":"https:\/\/www.tebesiragaci.com\/index.php\/wp-json\/wp\/v2\/pages\/3739\/revisions"}],"predecessor-version":[{"id":4479,"href":"https:\/\/www.tebesiragaci.com\/index.php\/wp-json\/wp\/v2\/pages\/3739\/revisions\/4479"}],"wp:attachment":[{"href":"https:\/\/www.tebesiragaci.com\/index.php\/wp-json\/wp\/v2\/media?parent=3739"}],"curies":[{"name":"wp","href":"https:\/\/api.w.org\/{rel}","templated":true}]}}