{"id":3705,"date":"2018-10-12T01:51:45","date_gmt":"2018-10-12T01:51:45","guid":{"rendered":"http:\/\/tebesiragaci.com\/?page_id=3705"},"modified":"2023-06-22T16:48:15","modified_gmt":"2023-06-22T16:48:15","slug":"ogretim-programi","status":"publish","type":"page","link":"https:\/\/www.tebesiragaci.com\/index.php\/ogretim-programi\/","title":{"rendered":"\u00d6\u011fretim Program\u0131"},"content":{"rendered":"<p>[vc_row][vc_column]<div class=\"ts-image-full-container\" style=\"width: 100%; height: 100%; position: relative;\"><div id=\"ts-vcsc-image-full-4448333\" class=\"ts-image-full-frame     \" style=\"width: 100%; height: 100%; margin-top: 0px; margin-bottom: 0px;\" data-svgshape=\"false\" data-random=\"4448333\" data-blur=\"0\" data-inline=\"false\" data-index=\"0\" data-marginleft=\"0\" data-marginright=\"0\" data-break-parents=\"1\" data-image=\"https:\/\/www.tebesiragaci.com\/wp-content\/uploads\/2022\/07\/tebesir-agaci-toplu-cocuk-gorseli02.png\" data-allowx=\"false\" data-movex=\"20\" data-allowy=\"false\" data-movey=\"20\"><img class=\"ts-imagefull\" src=\"https:\/\/www.tebesiragaci.com\/wp-content\/uploads\/2022\/07\/tebesir-agaci-toplu-cocuk-gorseli02.png\" data-no-lazy=\"1\" alt=\"tebesir-agaci-toplu-cocuk-gorseli02\" style=\"width: 100%; height: auto;\"\/><\/div><\/div>[\/vc_column][vc_column css=&#8221;.vc_custom_1659115825479{margin-top: 300px !important;border-top-width: 100px !important;padding-top: 100px !important;}&#8221;][vc_column_text h1_css=&#8221;{.vc_customizer_1687452376022}&#8221; h2_css=&#8221;{.vc_customizer_1687452376022}&#8221; h3_css=&#8221;{.vc_customizer_1687452376022}&#8221; h4_css=&#8221;{.vc_customizer_1687452376022}&#8221; h5_css=&#8221;{.vc_customizer_1687452376023}&#8221; h6_css=&#8221;{.vc_customizer_1687452376023}&#8221; p_css=&#8221;{.vc_customizer_1687452376023}&#8221; link_css=&#8221;{.vc_customizer_1687452376023}&#8221; list_css=&#8221;{.vc_customizer_1687452376023}&#8221;]<\/p>\n<h1><\/h1>\n<h1><\/h1>\n<h1><\/h1>\n<h1><\/h1>\n<h1><\/h1>\n<h1><\/h1>\n<h1><\/h1>\n<h1><strong>TEBE\u015e\u0130R A\u011eACINDA E\u011e\u0130T\u0130M <\/strong><\/h1>\n<div class=\"mp-row-fluid motopress-row\">\n<div class=\"mp-span3 motopress-clmn\">\n<div class=\"mp-row-fluid motopress-row\">\n<div class=\"mp-span12 motopress-clmn\">\n<p>Okulumuzun temeli, son derece yetenekli ve s\u00fcrekli yenilenen ekibimiz taraf\u0131ndan kavramsalla\u015ft\u0131r\u0131larak \u00f6\u011fretim program\u0131m\u0131z olu\u015fturulmu\u015ftur. \u00d6\u011fretim program\u0131m\u0131z, \u00e7ocu\u011fun her geli\u015fim a\u015famas\u0131nda do\u011fal kapasitelerini g\u00fc\u00e7lendirmek i\u00e7in mevcut \u00f6\u011frenme ve \u00f6\u011fretme anlay\u0131\u015f\u0131na uygun hale getirilmi\u015ftir.<\/p>\n<p>\u00c7ocukar\u0131m\u0131z\u0131 potansiyellerini ke\u015ffetmeleri i\u00e7in motive eden, spor, sanat, k\u00fclt\u00fcr, ahlaki de\u011ferler, sosyal ve \u00e7evresel sorumluluklar alan\u0131ndaki becerilerini geli\u015ftiren g\u00fcvenli bir \u00f6\u011frenme ortam\u0131 geli\u015ftirmeyi hedefliyoruz.<\/p>\n<p>TEBE\u015e\u0130R A\u011eACINDA \u00c7OCUK MERKEZL\u0130 OYUN TEMELL\u0130 E\u011e\u0130T\u0130M YAKLA\u015eIMI \u0130LE Sosyal, \u00d6zg\u00fcveni geli\u015fmi\u015f, Yarat\u0131c\u0131, Etkili ileti\u015fim kurabilen, \u00c7ok Y\u00f6nl\u00fc \u00e7ocuklar yeti\u015ftiriyoruz.\u00a0 Okulumuzda \u00c7ocu\u011fun merkezde oldu\u011fu ve oyununun \u00f6\u011fretim arac\u0131 olarak kullan\u0131ld\u0131\u011f\u0131 Montessori, Reggio Emilia, \u00c7oklu Zeka, High Scope gib e\u011fitim modellerinin, geli\u015fim s\u00fcrecinde \u00e7ocuklar\u0131m\u0131za faydal\u0131 yanar\u0131n\u0131 al\u0131p \u00fclkemiz k\u00fclt\u00fcr\u00fcne ve e\u011fitim sitemine uyumland\u0131rarak b\u00fct\u00fcnsel bir e\u011fitim yakla\u015f\u0131m\u0131n\u0131 benimsemi\u015ftir.<\/p>\n<p>Her geli\u015fim alan\u0131 ve sosyal beceri i\u00e7in olu\u015fturulmu\u015f fakl\u0131 \u00f6\u011frenme ortamlar\u0131nda, alanlara uygun uyaranlara maruz kalarak g\u00f6zlemleyerek, deneyimleyerek kal\u0131c\u0131 \u00f6\u011frenme ger\u00e7ekle\u015ftiriliyor.<\/p>\n<\/div>\n<\/div>\n<\/div>\n<\/div>\n<p>[\/vc_column_text][vc_column_text h1_css=&#8221;{.vc_customizer_1687452396215}&#8221; h2_css=&#8221;{.vc_customizer_1687452396215}&#8221; h3_css=&#8221;{.vc_customizer_1687452396215}&#8221; h4_css=&#8221;{.vc_customizer_1687452396216}&#8221; h5_css=&#8221;{.vc_customizer_1687452396216}&#8221; h6_css=&#8221;{.vc_customizer_1687452396216}&#8221; p_css=&#8221;{.vc_customizer_1687452396216}&#8221; link_css=&#8221;{.vc_customizer_1687452396216}&#8221; list_css=&#8221;{.vc_customizer_1687452396217}&#8221;]<strong>TEBE\u015e\u0130R A\u011eACINDA B\u0130R G\u00dcN <\/strong><\/p>\n<p><strong>Tebe\u015fir A\u011fac\u0131nda bir g\u00fcn\u00fc be\u015f geli\u015fim alan\u0131n\u0131 destekleyecek aktiviteler ile ge\u00e7iriyoruz.\u00a0 <\/strong><\/p>\n<p>G\u00fcn \u00e7ocuklar\u0131m\u0131z i\u00e7in sabah jimnasti\u011fi ile ba\u015flar.<\/p>\n<p>Kahvalt\u0131<\/p>\n<p>\u00c7ember saati,<\/p>\n<p>Her sabah g\u00fcnayd\u0131nla\u015fman\u0131n ard\u0131ndan \u00e7ember saatinde \u00f6\u011fretmenlerimiz g\u00fcn\u00fc nas\u0131l planlad\u0131\u011f\u0131n\u0131 \u00e7ocuklar\u0131m\u0131za anlat\u0131r. \u00c7ocuklar\u0131nda g\u00fcn i\u00e7inde ne yapmak istedikleri sorularak aidiyet duygusu ve birey olarak isteklerini dile getirme becerileri geli\u015ftirilir. G\u00fcn i\u00e7inde etkinlik ge\u00e7i\u015flerinde mutlaka \u00e7ocuklar\u0131m\u0131z\u0131n isteklerine yer verilir.<\/p>\n<p>Etkinlik Zaman\u0131<\/p>\n<p>Sabah etkinliklerimiz b\u00fct\u00fcnle\u015ftirilmi\u015f olarak hareket etkinli\u011fi ile ba\u015flar, dil etkinli\u011fi ile devam eder, sanat etkinli\u011fi ile tamamlan\u0131r.<\/p>\n<p>\u00d6\u011fle Yeme\u011fi<\/p>\n<p>Dinlenme Saati<\/p>\n<p>\u0130kindi Kahvalt\u0131s\u0131<\/p>\n<p>Etkinlik Zaman\u0131<\/p>\n<p>\u00d6\u011fleden sonra etkinliklerimiz Fen, Matematik, Erken Okur Yazarl\u0131k, Dikkat, G\u00f6rsel \u2013 \u0130\u015fitsel Alg\u0131, Kavram e\u011fitimi gibi etkinliklerden bir ka\u00e7\u0131 ile s\u00fcrd\u00fcr\u00fcl\u00fcr.<\/p>\n<p>\u00c7ember Saati<\/p>\n<p>G\u00fcn \u00e7ember saati ile sonland\u0131r\u0131l\u0131r. G\u00fcn i\u00e7inde yap\u0131lan etkinlikler de\u011ferlendirilerek \u00e7ocuklar\u0131n \u00f6\u011frenme d\u00fczeyleri \u00f6l\u00e7\u00fcl\u00fcr.<\/p>\n<p>Tebe\u015fir A\u011fac\u0131nda yaz k\u0131\u015f bah\u00e7ede zaman ge\u00e7irilir. K\u0131\u015f d\u00f6neminde en az bir etkinlik a\u00e7\u0131k alanda ger\u00e7ekle\u015ftirilir.<\/p>\n<p>&nbsp;[\/vc_column_text][\/vc_column][\/vc_row]<\/p>\n","protected":false},"excerpt":{"rendered":"<p>[vc_row][vc_column][\/vc_column][vc_column css=&#8221;.vc_custom_1659115825479{margin-top: 300px !important;border-top-width: 100px !important;padding-top: 100px !important;}&#8221;][vc_column_text h1_css=&#8221;{.vc_customizer_1687452376022}&#8221; h2_css=&#8221;{.vc_customizer_1687452376022}&#8221; h3_css=&#8221;{.vc_customizer_1687452376022}&#8221; h4_css=&#8221;{.vc_customizer_1687452376022}&#8221; h5_css=&#8221;{.vc_customizer_1687452376023}&#8221; h6_css=&#8221;{.vc_customizer_1687452376023}&#8221; p_css=&#8221;{.vc_customizer_1687452376023}&#8221; link_css=&#8221;{.vc_customizer_1687452376023}&#8221; list_css=&#8221;{.vc_customizer_1687452376023}&#8221;] TEBE\u015e\u0130R A\u011eACINDA E\u011e\u0130T\u0130M &hellip; <\/p>\n","protected":false},"author":1,"featured_media":0,"parent":0,"menu_order":0,"comment_status":"closed","ping_status":"closed","template":"","meta":[],"_links":{"self":[{"href":"https:\/\/www.tebesiragaci.com\/index.php\/wp-json\/wp\/v2\/pages\/3705"}],"collection":[{"href":"https:\/\/www.tebesiragaci.com\/index.php\/wp-json\/wp\/v2\/pages"}],"about":[{"href":"https:\/\/www.tebesiragaci.com\/index.php\/wp-json\/wp\/v2\/types\/page"}],"author":[{"embeddable":true,"href":"https:\/\/www.tebesiragaci.com\/index.php\/wp-json\/wp\/v2\/users\/1"}],"replies":[{"embeddable":true,"href":"https:\/\/www.tebesiragaci.com\/index.php\/wp-json\/wp\/v2\/comments?post=3705"}],"version-history":[{"count":4,"href":"https:\/\/www.tebesiragaci.com\/index.php\/wp-json\/wp\/v2\/pages\/3705\/revisions"}],"predecessor-version":[{"id":4509,"href":"https:\/\/www.tebesiragaci.com\/index.php\/wp-json\/wp\/v2\/pages\/3705\/revisions\/4509"}],"wp:attachment":[{"href":"https:\/\/www.tebesiragaci.com\/index.php\/wp-json\/wp\/v2\/media?parent=3705"}],"curies":[{"name":"wp","href":"https:\/\/api.w.org\/{rel}","templated":true}]}}