{"id":350,"date":"2017-01-24T11:03:53","date_gmt":"2017-01-24T11:03:53","guid":{"rendered":"https:\/\/raratheme.com\/preview\/education-zone\/?page_id=350"},"modified":"2022-07-29T16:28:58","modified_gmt":"2022-07-29T16:28:58","slug":"why-choose-us","status":"publish","type":"page","link":"https:\/\/www.tebesiragaci.com\/index.php\/why-choose-us\/","title":{"rendered":"Ni\u00e7in Tebe\u015fir A\u011fac\u0131 Anaokulu?"},"content":{"rendered":"","protected":false},"excerpt":{"rendered":"","protected":false},"author":1,"featured_media":0,"parent":0,"menu_order":0,"comment_status":"closed","ping_status":"closed","template":"","meta":[],"_links":{"self":[{"href":"https:\/\/www.tebesiragaci.com\/index.php\/wp-json\/wp\/v2\/pages\/350"}],"collection":[{"href":"https:\/\/www.tebesiragaci.com\/index.php\/wp-json\/wp\/v2\/pages"}],"about":[{"href":"https:\/\/www.tebesiragaci.com\/index.php\/wp-json\/wp\/v2\/types\/page"}],"author":[{"embeddable":true,"href":"https:\/\/www.tebesiragaci.com\/index.php\/wp-json\/wp\/v2\/users\/1"}],"replies":[{"embeddable":true,"href":"https:\/\/www.tebesiragaci.com\/index.php\/wp-json\/wp\/v2\/comments?post=350"}],"version-history":[{"count":1,"href":"https:\/\/www.tebesiragaci.com\/index.php\/wp-json\/wp\/v2\/pages\/350\/revisions"}],"predecessor-version":[{"id":4332,"href":"https:\/\/www.tebesiragaci.com\/index.php\/wp-json\/wp\/v2\/pages\/350\/revisions\/4332"}],"wp:attachment":[{"href":"https:\/\/www.tebesiragaci.com\/index.php\/wp-json\/wp\/v2\/media?parent=350"}],"curies":[{"name":"wp","href":"https:\/\/api.w.org\/{rel}","templated":true}]}}