{"id":2104,"date":"2014-07-30T06:03:05","date_gmt":"2014-07-30T06:03:05","guid":{"rendered":"http:\/\/happychild.stylemixthemes.com\/?page_id=2104"},"modified":"2023-06-22T16:45:22","modified_gmt":"2023-06-22T16:45:22","slug":"biz-kimiz","status":"publish","type":"page","link":"https:\/\/www.tebesiragaci.com\/index.php\/biz-kimiz\/","title":{"rendered":"Biz Kimiz?"},"content":{"rendered":"<p>[vc_row bg_type=&#8221;no_bg&#8221; css=&#8221;.vc_custom_1406720540208{padding-top: 0px !important;padding-bottom: 40px !important;}&#8221; animation_type=&#8221;h&#8221; horizontal_animation=&#8221;left-animation&#8221; vertical_animation=&#8221;top-animation&#8221; disable_on_mobile=&#8221;disable_on_mobile_value&#8221;][vc_column][vc_column_text h1_css=&#8221;{.vc_customizer_1687452262137}&#8221; h2_css=&#8221;{.vc_customizer_1687452262137}&#8221; h3_css=&#8221;{.vc_customizer_1687452262138}&#8221; h4_css=&#8221;{.vc_customizer_1687452262138}&#8221; h5_css=&#8221;{.vc_customizer_1687452262138}&#8221; h6_css=&#8221;{.vc_customizer_1687452262138}&#8221; p_css=&#8221;{.vc_customizer_1687452262138}&#8221; link_css=&#8221;{.vc_customizer_1687452262139}&#8221; list_css=&#8221;{.vc_customizer_1687452262139}&#8221;]TEBE\u015e\u0130R A\u011eACI<br \/>\nTebe\u015fir A\u011fac\u0131, \u00fczerinde rengarenk hayallerin as\u0131l\u0131 oldu\u011fu kocaman bir a\u011fa\u00e7. O<br \/>\nhayaller kime mi ait? B\u00fcy\u00fcme ve \u00f6\u011frenme yolculu\u011fundaki t\u00fcm \u00e7ocuklar\u0131m\u0131za\u2026<br \/>\nA\u011fac\u0131m\u0131z\u0131n rengarenk tebe\u015firleri her biri birbirinden farkl\u0131 \u00e7ocuklar\u0131m\u0131z\u2026 Biz<br \/>\nneler \u00e7izersek bu tebe\u015firlerle ger\u00e7ek olacak, sevginin , mutlulu\u011fun, \u00f6\u011frenmenin<br \/>\nrenkleri olacak..<br \/>\nHaydi gelin birlikte bu g\u00fczel tebe\u015firlerle oynayan e\u011flenen \u00f6\u011frenen \u00f6zveriyle<br \/>\ngeli\u015fen \u00e7ocuklar\u0131n oldu\u011fu bir d\u00fcnya \u00e7izelim\u2026<br \/>\nTebe\u015fir a\u011fac\u0131 Kre\u015f ve Anaokulu,\u00a02018 y\u0131l\u0131nda Aile ve Sosyal Hizmetler Bakanl\u0131\u011f\u0131na<br \/>\nba\u011fl\u0131 olarak a\u00e7\u0131lm\u0131\u015f 2-6 ya\u015f aras\u0131 \u00e7ocuklara hizmet vermektedir. Okulumuz Okul<br \/>\n\u00d6ncesi \u00d6\u011fretmeni bir kurucu idaresinde y\u00f6netilmektedir.<br \/>\nV\u0130ZYONUMUZ<br \/>\nVizyonumuz, her g\u00fcn yeniden olu\u015fan ke\u015ffetme duygusuyla \u00f6\u011frenilen anlardan<br \/>\nfaydalanarak \u00e7ocuklara \u00f6\u011frenme konusunda \u00f6m\u00fcr boyu s\u00fcrecek bir ba\u011fl\u0131l\u0131\u011fa ilham<br \/>\nvermek, Okul \u00f6ncesi \u00e7a\u011fda ye\u015fermeye ba\u015flayan sosyal ve ahlaki de\u011ferleri<br \/>\n\u00f6z\u00fcmsemelerine yard\u0131mc\u0131 olmakt\u0131r.<br \/>\nM\u0130SYONUMUZ<br \/>\n\u00c7ocuklar\u0131m\u0131z\u0131n geli\u015fimlerini en \u00fcst seviyeye ta\u015f\u0131mak duygu ve d\u00fc\u015f\u00fcncelerini<br \/>\n\u00e7ekinmeden ifade edebilen, ara\u015ft\u0131rmac\u0131, merakl\u0131, problem \u00e7\u00f6zebilen, \u00f6zg\u00fcvenli,<br \/>\n\u00e7ok y\u00f6nl\u00fc \u00e7ocuklar yeti\u015ftirmekte ailelerle i\u015f birli\u011fi i\u00e7inde olmakt\u0131r.<br \/>\nFELSEFEM\u0130Z<br \/>\nHer \u00e7ocuk farkl\u0131 bir renktir, bak\u0131\u015f a\u00e7\u0131s\u0131yla ki\u015fiye \u00f6zg\u00fc \u00f6\u011frenme metodlar\u0131 ve her<br \/>\n\u00e7ocu\u011fun ihtiyac\u0131na \u00f6zg\u00fc geli\u015fim program\u0131 olu\u015fturarak ilerlemektir.[\/vc_column_text][\/vc_column][\/vc_row][vc_row bg_type=&#8221;no_bg&#8221; css=&#8221;.vc_custom_1406702774024{padding-top: 0px !important;padding-bottom: 0px !important;}&#8221; animation_type=&#8221;h&#8221; horizontal_animation=&#8221;left-animation&#8221; vertical_animation=&#8221;top-animation&#8221; disable_on_mobile=&#8221;disable_on_mobile_value&#8221;][vc_column][vc_separator color=&#8221;custom&#8221; accent_color=&#8221;#ed265a&#8221;][\/vc_column][\/vc_row]<\/p>\n","protected":false},"excerpt":{"rendered":"<p>[vc_row bg_type=&#8221;no_bg&#8221; css=&#8221;.vc_custom_1406720540208{padding-top: 0px !important;padding-bottom: 40px !important;}&#8221; animation_type=&#8221;h&#8221; horizontal_animation=&#8221;left-animation&#8221; vertical_animation=&#8221;top-animation&#8221; disable_on_mobile=&#8221;disable_on_mobile_value&#8221;][vc_column][vc_column_text h1_css=&#8221;{.vc_customizer_1687452262137}&#8221; h2_css=&#8221;{.vc_customizer_1687452262137}&#8221; h3_css=&#8221;{.vc_customizer_1687452262138}&#8221; h4_css=&#8221;{.vc_customizer_1687452262138}&#8221; h5_css=&#8221;{.vc_customizer_1687452262138}&#8221; h6_css=&#8221;{.vc_customizer_1687452262138}&#8221; p_css=&#8221;{.vc_customizer_1687452262138}&#8221; link_css=&#8221;{.vc_customizer_1687452262139}&#8221; list_css=&#8221;{.vc_customizer_1687452262139}&#8221;]TEBE\u015e\u0130R &hellip; <\/p>\n","protected":false},"author":1,"featured_media":0,"parent":0,"menu_order":0,"comment_status":"open","ping_status":"open","template":"","meta":[],"_links":{"self":[{"href":"https:\/\/www.tebesiragaci.com\/index.php\/wp-json\/wp\/v2\/pages\/2104"}],"collection":[{"href":"https:\/\/www.tebesiragaci.com\/index.php\/wp-json\/wp\/v2\/pages"}],"about":[{"href":"https:\/\/www.tebesiragaci.com\/index.php\/wp-json\/wp\/v2\/types\/page"}],"author":[{"embeddable":true,"href":"https:\/\/www.tebesiragaci.com\/index.php\/wp-json\/wp\/v2\/users\/1"}],"replies":[{"embeddable":true,"href":"https:\/\/www.tebesiragaci.com\/index.php\/wp-json\/wp\/v2\/comments?post=2104"}],"version-history":[{"count":6,"href":"https:\/\/www.tebesiragaci.com\/index.php\/wp-json\/wp\/v2\/pages\/2104\/revisions"}],"predecessor-version":[{"id":4506,"href":"https:\/\/www.tebesiragaci.com\/index.php\/wp-json\/wp\/v2\/pages\/2104\/revisions\/4506"}],"wp:attachment":[{"href":"https:\/\/www.tebesiragaci.com\/index.php\/wp-json\/wp\/v2\/media?parent=2104"}],"curies":[{"name":"wp","href":"https:\/\/api.w.org\/{rel}","templated":true}]}}