{"id":1705,"date":"2014-07-14T12:02:33","date_gmt":"2014-07-14T12:02:33","guid":{"rendered":"http:\/\/happychild.stylemixthemes.com\/?page_id=1705"},"modified":"2022-07-29T17:06:35","modified_gmt":"2022-07-29T17:06:35","slug":"home","status":"publish","type":"page","link":"https:\/\/www.tebesiragaci.com\/","title":{"rendered":"Ana Sayfa"},"content":{"rendered":"<p>[vc_row row_custom_id=&#8221;hakkimizda&#8221; css=&#8221;.vc_custom_1538398854190{padding-top: 0px !important;}&#8221;][vc_column width=&#8221;1\/2&#8243;][vc_column_text h1_css=&#8221;{.vc_customizer_1539305944178}&#8221; h2_css=&#8221;{.vc_customizer_1539305944181}&#8221; h3_css=&#8221;{.vc_customizer_1539305944181}&#8221; h4_css=&#8221;{.vc_customizer_1539305944182}&#8221; h5_css=&#8221;{.vc_customizer_1539305944182}&#8221; h6_css=&#8221;{.vc_customizer_1539305944183}&#8221; p_css=&#8221;{.vc_customizer_1539305944184}&#8221; link_css=&#8221;{.vc_customizer_1539305944184}&#8221; list_css=&#8221;{.vc_customizer_1539305944185}&#8221;]<\/p>\n<h3><span style=\"color: #2b7db2;\">Tebe\u015fir A\u011fac\u0131 Nedir?<\/span><\/h3>\n<p>Tebe\u015fir A\u011fac\u0131, Ankara Etimesgut Ba\u011fl\u0131ca b\u00f6lgesinde bulunan yeni e\u011fitim sistemlerine odaklanm\u0131\u015f tecr\u00fcbeli e\u011fitmenlerin vizyonu kapsam\u0131nda hizmet veren bir e\u011fitim kurumudur.<\/p>\n<p>Bizi ve E\u011fitim sistemimizi daha yak\u0131ndan tan\u0131mak isterseniz, a\u015fa\u011f\u0131daki &#8220;Biz Kimiz?&#8221; butonuna t\u0131klayabilirsiniz.<\/p>\n<p style=\"text-align: left;\"><a class=\"btn btn-success awesome\" href=\"\/biz-kimiz\"><i class=\"fa fa-smile-o\"><\/i>Biz Kimiz?<\/a><\/p>\n<h3><span style=\"color: #008080;\">Sosyal Medya&#8217;dan Tebe\u015fir A\u011fac\u0131n\u0131 Takip Edebilirsiniz.<\/span><\/h3>\n<p><a class=\"social_button facebook\" href=\"https:\/\/www.facebook.com\/tebesiragacianaokulu\"><i class=\"fa fa-facebook\"><\/i><b>Facebook<\/b><\/a> <a class=\"social_button twitter\" href=\"https:\/\/twitter.com\/Tebesiragaci\"><i class=\"fa fa-twitter\"><\/i><b>Twitter<\/b><\/a>\u00a0<a class=\"social_button instagram\" href=\"https:\/\/www.instagram.com\/tebesiragaci\"><i class=\"fa fa-instagram\"><\/i><b>Instagram<\/b><\/a>\u00a0<a class=\"social_button linkedin\" href=\"https:\/\/www.linkedin.com\/company\/tebesir-agaci-anaokulu\/?originalSubdomain=tr\"><i class=\"fa fa-linkedin\"><\/i><b>Linkedin<\/b><\/a> <a class=\"social_button youtube\" href=\"#\"><i class=\"fa fa-youtube\"><\/i><b>Youtube<\/b><\/a> <a class=\"social_button pinterest\" href=\"#\"><i class=\"fa fa-pinterest\"><\/i><b>Pinterest<\/b><\/a> <a class=\"social_button rss\" href=\"http:\/\/tebesiragaci.com\/rss\"><i class=\"fa fa-rss\"><\/i><b>Rss<\/b><\/a>[\/vc_column_text][\/vc_column][vc_column width=&#8221;1\/2&#8243;][vc_cta_button2 h2=&#8221;Bizimle hemen irtibata ge\u00e7erek erken kay\u0131tdan yararlanabilirsiniz.&#8221; h4=&#8221;(Erken kay\u0131t kontenjanl\u0131d\u0131r)&#8221; style=&#8221;square&#8221; title=&#8221;Kay\u0131t Ol&#8221; color=&#8221;green&#8221; main_css=&#8221;{.vc_customizer_1539613535054}background-color:#ebf3f4;border-top-width:0px;border-bottom-width:0px;border-left-width:5px;border-right-width:0px;border-color:0;border-style:solid;&#8221; title_css=&#8221;{.vc_customizer_1539613535055}font-family:Roboto Slab;font-weight:700;color:#2b7db2;font-size:20px;line-height:24px;&#8221; subtitle_css=&#8221;{.vc_customizer_1539613535057}font-family:Open Sans;font-weight:400;color:#777777;font-size:14px;line-height:24px;&#8221; content_css=&#8221;{.vc_customizer_1539613535058}&#8221; btn_css=&#8221;{.vc_customizer_1539613535059}&#8221; accent_color=&#8221;#1bc927&#8243; link=&#8221;url:http%3A%2F%2Ftebesiragaci.com%2Fkayit%2F||target:%20_blank&#8221;]Tebe\u015fir A\u011fac\u0131 Ba\u011fl\u0131ca Anaokulu-Kre\u015f 2020-2021 Kay\u0131tlar\u0131m\u0131z Ba\u015flam\u0131\u015ft\u0131r. Kay\u0131t yapt\u0131rmak i\u00e7in Kay\u0131t b\u00f6l\u00fcm\u00fcnden \u00d6n Kay\u0131t formunu doldurabilirsiniz.[\/vc_cta_button2][vc_single_image image=&#8221;3680&#8243; img_size=&#8221;full&#8221;][\/vc_column][\/vc_row][vc_row row_width_style=&#8221;full_width&#8221; row_bg_color=&#8221;#2b7db2&#8243; row_bg_image=&#8221;3315&#8243; row_bg_repeat=&#8221;repeat&#8221; row_bg_size=&#8221;auto&#8221; row_bg_att=&#8221;fixed&#8221; css=&#8221;.vc_custom_1410330868324{padding-bottom: 20px !important;}&#8221;][vc_column][vc_row_inner css=&#8221;.vc_custom_1410153782345{padding-top: 0px !important;padding-bottom: 0px !important;}&#8221;][vc_column_inner width=&#8221;1\/3&#8243;]<div id=\"ts-vcsc-box-icon-5545616\" class=\"ts-vcsc-box-icon   boxed-style ts-box-icon  \"  style=\"margin-bottom:0px; margin-top:0px;\"><div class=\"ts-css-shadow  \" style=\"background-color: #1bc927; \"><div class=\"ts-icon-box-boxed  top \" style=\"border: 2px solid #ebf3f4;    background-color: #1bc927;\"><i style=\"padding: 5px 5px; background-color:; width: 36px; height: 36px; font-size: 36px; line-height: 36px;  top:-29px; margin-left:-24px; color: #ffffff;\" class=\"ts-box-icon-title-icon ts-awesome-angle-double-down ts-main-ico ts-font-icon   \"><\/i><div class=\"ts-icon-box-inner \" style=\"\"><div class=\"ts-box-icon-title\" style=\"color:#ffffff; font-size:22px; font-weight:inherit; margin-top:0px; text-align:center; \">Geni\u015f Alan Kullan\u0131m\u0131<\/div><div class=\"ts-icon-box-content\" style=\"margin-top: 10px; font-size: 18px; line-height: 14px; \"><\/p>\n<p style=\"text-align: center;\">Bah\u00e7esi Meyve a\u011fa\u00e7lar\u0131yla kapl\u0131, \u00e7e\u015fitli uygulama bah\u00e7eleriyle do\u011fa ile i\u00e7 i\u00e7e 1000 m2 ferah e\u011fitim olana\u011f\u0131<\/p>\n<p><\/div><\/div><\/div><div class=\"clearboth\"><\/div><\/div><\/div>[\/vc_column_inner][vc_column_inner width=&#8221;1\/3&#8243;]<div id=\"ts-vcsc-box-icon-2475544\" class=\"ts-vcsc-box-icon   boxed-style ts-box-icon  \"  style=\"margin-bottom:0px; margin-top:0px;\"><div class=\"ts-css-shadow  \" style=\"background-color: #1bc927; \"><div class=\"ts-icon-box-boxed  top \" style=\"border: 2px solid #ebf3f4;    background-color: #1bc927;\"><i style=\"padding: 5px 5px; background-color:; width: 36px; height: 36px; font-size: 36px; line-height: 36px;  top:-29px; margin-left:-24px; color: #ffffff;\" class=\"ts-box-icon-title-icon ts-awesome-angle-double-down ts-main-ico ts-font-icon   \"><\/i><div class=\"ts-icon-box-inner \" style=\"\"><div class=\"ts-box-icon-title\" style=\"color:#ffffff; font-size:22px; font-weight:inherit; margin-top:0px; text-align:center; \">Etkinlikler<\/div><div class=\"ts-icon-box-content\" style=\"margin-top: 10px; font-size: 18px; line-height: 14px; \"><\/p>\n<p style=\"text-align: center;\">Fiziksek ve Ruhsal Geli\u015fime y\u00f6nelik M\u00fczik, Dans, Drama, El Sanatlar\u0131, Kil ve Spor gibi \u00e7e\u015fitli d\u00fczenli aktiviteler i\u00e7in \u00f6zel alanlar ve uygulama bah\u00e7eleri<\/p>\n<p><\/div><\/div><\/div><div class=\"clearboth\"><\/div><\/div><\/div>[\/vc_column_inner][vc_column_inner width=&#8221;1\/3&#8243;]<div id=\"ts-vcsc-box-icon-5929539\" class=\"ts-vcsc-box-icon   boxed-style ts-box-icon  \"  style=\"margin-bottom:0px; margin-top:0px;\"><div class=\"ts-css-shadow  \" style=\"background-color: #1bc927; \"><div class=\"ts-icon-box-boxed  top \" style=\"border: 2px solid #ebf3f4;    background-color: #1bc927;\"><i style=\"padding: 5px 5px; background-color:; width: 36px; height: 36px; font-size: 36px; line-height: 36px;  top:-29px; margin-left:-24px; color: #ffffff;\" class=\"ts-box-icon-title-icon ts-awesome-angle-double-down ts-main-ico ts-font-icon   \"><\/i><div class=\"ts-icon-box-inner \" style=\"\"><div class=\"ts-box-icon-title\" style=\"color:#ffffff; font-size:22px; font-weight:inherit; margin-top:0px; text-align:center; \">Nitelikli E\u011fitim<\/div><div class=\"ts-icon-box-content\" style=\"margin-top: 10px; font-size: 18px; line-height: 14px; \"><\/p>\n<p style=\"text-align: center;\">Uzman e\u011fitmenler \u00f6nc\u00fcl\u00fc\u011f\u00fcnde yurtd\u0131\u015f\u0131 e\u011fitim methodlar\u0131 ile haz\u0131rlanm\u0131\u015f m\u00fcfredat ve \u00e7ift dil e\u011fitim imkan\u0131<\/p>\n<p><\/div><\/div><\/div><div class=\"clearboth\"><\/div><\/div><\/div>[\/vc_column_inner][\/vc_row_inner][\/vc_column][\/vc_row][vc_row css=&#8221;.vc_custom_1410158086493{padding-top: 0px !important;}&#8221;][vc_column][\/vc_column][\/vc_row][vc_row css=&#8221;.vc_custom_1539307178686{padding-top: 0px !important;padding-bottom: 0px !important;}&#8221;][vc_column][ivan_carousel ivan_carousel_nav=&#8221;yes&#8221; ivan_carousel_bullets=&#8221;no&#8221; bullets_css=&#8221;{.vc_customizer_1539308808665}&#8221; navigation_css=&#8221;{.vc_customizer_1539308808666}&#8221; el_class=&#8221;blue&#8221;][vc_column_text h1_css=&#8221;{.vc_customizer_1539613825583}&#8221; h2_css=&#8221;{.vc_customizer_1539613825584}&#8221; h3_css=&#8221;{.vc_customizer_1539613825586}&#8221; h4_css=&#8221;{.vc_customizer_1539613825588}&#8221; h5_css=&#8221;{.vc_customizer_1539613825591}&#8221; h6_css=&#8221;{.vc_customizer_1539613825592}&#8221; p_css=&#8221;{.vc_customizer_1539613825594}&#8221; link_css=&#8221;{.vc_customizer_1539613825595}&#8221; list_css=&#8221;{.vc_customizer_1539613825596}&#8221;]<\/p>\n<h2>\u201cD\u00fcnyada bir tane dahi \u00e7ocuk mutsuz oldu\u011fu s\u00fcrece, b\u00fcy\u00fck icatlar ve ilerlemeler bir hi\u00e7tir.\u201d<\/h2>\n<h2>Albert Einstein<\/h2>\n<p>[\/vc_column_text][\/ivan_carousel][\/vc_column][\/vc_row][vc_row row_custom_id=&#8221;partners&#8221;][vc_column]<div class=\"ts-image-full-container\" style=\"width: 100%; height: 100%; position: relative;\"><div id=\"ts-vcsc-image-full-5593836\" class=\"ts-image-full-frame     \" style=\"width: 100%; height: 100%; margin-top: 0px; margin-bottom: 0px;\" data-svgshape=\"false\" data-random=\"5593836\" data-blur=\"0\" data-inline=\"false\" data-index=\"0\" data-marginleft=\"0\" data-marginright=\"0\" data-break-parents=\"20\" data-image=\"\" data-allowx=\"false\" data-movex=\"20\" data-allowy=\"false\" data-movey=\"20\"><img class=\"ts-imagefull\" src=\"\" data-no-lazy=\"1\" alt=\"\" style=\"width: 100%; height: auto;\"\/><\/div><\/div>[vc_empty_space][\/vc_column][\/vc_row][vc_row row_custom_id=&#8221;iletisim&#8221; row_width_style=&#8221;full_width&#8221; css=&#8221;.vc_custom_1539313523663{margin-top: 0px !important;margin-bottom: -50px !important;padding-top: 0px !important;padding-bottom: 0px !important;}&#8221; animation_type=&#8221;h&#8221; horizontal_animation=&#8221;left-animation&#8221; vertical_animation=&#8221;top-animation&#8221; disable_on_mobile=&#8221;disable_on_mobile_value&#8221; el_class=&#8221;adaptive_block_2&#8243; el_id=&#8221;iletisim&#8221;][vc_column][vc_row_inner row_custom_id=&#8221;full_width&#8221; row_overlay_color=&#8221;rgba(67,185,75,0.9)&#8221; font_color=&#8221;#ffffff&#8221; css=&#8221;.vc_custom_1410167383328{margin-top: -229px !important;}&#8221;][vc_column_inner width=&#8221;1\/3&#8243;][vc_gmaps link=&#8221;#E-8_JTNDaWZyYW1lJTIwc3JjJTNEJTIyaHR0cHMlM0ElMkYlMkZ3d3cuZ29vZ2xlLmNvbSUyRm1hcHMlMkZlbWJlZCUzRnBiJTNEJTIxMW0xOCUyMTFtMTIlMjExbTMlMjExZDMwNjEuMTg0MzU3Nzg2Mjk2JTIxMmQzMi42NDE0ODkwMTQ3NDQwMyUyMTNkMzkuODkyNTA0NDk1Mjc5MjUlMjEybTMlMjExZjAlMjEyZjAlMjEzZjAlMjEzbTIlMjExaTEwMjQlMjEyaTc2OCUyMTRmMTMuMSUyMTNtMyUyMTFtMiUyMTFzMHgxNGQzMzlkMGUxOTFiMGE5JTI1M0EweDhjYjE5OWQwYjYyZmQ5M2UlMjEyelZHVmlaY1dmYVhJZ1FjU2ZZV1BFc1NCQ1ljU2ZiTVN4WTJFZ1FXNWhiMnQxYkhVZ1ZtVWdTM0pseFo4JTIxNWUwJTIxM20yJTIxMXN0ciUyMTJzdHIlMjE0djE1NTQ3NzE3ODIxMjMlMjE1bTIlMjExc3RyJTIxMnN0ciUyMiUyMHdpZHRoJTNEJTIyODAwJTIyJTIwaGVpZ2h0JTNEJTIyNDAwJTIyJTIwZnJhbWVib3JkZXIlM0QlMjIwJTIyJTIwc3R5bGUlM0QlMjJib3JkZXIlM0EwJTIyJTIwYWxsb3dmdWxsc2NyZWVuJTNFJTNDJTJGaWZyYW1lJTNF&#8221;][\/vc_column_inner][vc_column_inner width=&#8221;1\/3&#8243;][\/vc_column_inner][vc_column_inner width=&#8221;1\/3&#8243;][\/vc_column_inner][\/vc_row_inner][\/vc_column][\/vc_row]<\/p>\n","protected":false},"excerpt":{"rendered":"<p>[vc_row row_custom_id=&#8221;hakkimizda&#8221; css=&#8221;.vc_custom_1538398854190{padding-top: 0px !important;}&#8221;][vc_column width=&#8221;1\/2&#8243;][vc_column_text h1_css=&#8221;{.vc_customizer_1539305944178}&#8221; h2_css=&#8221;{.vc_customizer_1539305944181}&#8221; h3_css=&#8221;{.vc_customizer_1539305944181}&#8221; h4_css=&#8221;{.vc_customizer_1539305944182}&#8221; h5_css=&#8221;{.vc_customizer_1539305944182}&#8221; h6_css=&#8221;{.vc_customizer_1539305944183}&#8221; p_css=&#8221;{.vc_customizer_1539305944184}&#8221; link_css=&#8221;{.vc_customizer_1539305944184}&#8221; list_css=&#8221;{.vc_customizer_1539305944185}&#8221;] Tebe\u015fir A\u011fac\u0131 Nedir? Tebe\u015fir A\u011fac\u0131, &hellip; <\/p>\n","protected":false},"author":1,"featured_media":0,"parent":0,"menu_order":0,"comment_status":"closed","ping_status":"closed","template":"","meta":[],"_links":{"self":[{"href":"https:\/\/www.tebesiragaci.com\/index.php\/wp-json\/wp\/v2\/pages\/1705"}],"collection":[{"href":"https:\/\/www.tebesiragaci.com\/index.php\/wp-json\/wp\/v2\/pages"}],"about":[{"href":"https:\/\/www.tebesiragaci.com\/index.php\/wp-json\/wp\/v2\/types\/page"}],"author":[{"embeddable":true,"href":"https:\/\/www.tebesiragaci.com\/index.php\/wp-json\/wp\/v2\/users\/1"}],"replies":[{"embeddable":true,"href":"https:\/\/www.tebesiragaci.com\/index.php\/wp-json\/wp\/v2\/comments?post=1705"}],"version-history":[{"count":1,"href":"https:\/\/www.tebesiragaci.com\/index.php\/wp-json\/wp\/v2\/pages\/1705\/revisions"}],"predecessor-version":[{"id":4341,"href":"https:\/\/www.tebesiragaci.com\/index.php\/wp-json\/wp\/v2\/pages\/1705\/revisions\/4341"}],"wp:attachment":[{"href":"https:\/\/www.tebesiragaci.com\/index.php\/wp-json\/wp\/v2\/media?parent=1705"}],"curies":[{"name":"wp","href":"https:\/\/api.w.org\/{rel}","templated":true}]}}