{"id":141,"date":"2016-11-08T11:22:07","date_gmt":"2016-11-08T11:22:07","guid":{"rendered":"https:\/\/raratheme.com\/preview\/numinous\/?page_id=141"},"modified":"2022-07-29T16:50:22","modified_gmt":"2022-07-29T16:50:22","slug":"my-trip-to-greece","status":"publish","type":"page","link":"http:\/\/www.tebesiragaci.com\/index.php\/my-trip-to-greece\/","title":{"rendered":"E\u011fitimlerimiz"},"content":{"rendered":"\n<p>Drama &amp; T\u0131rmanma Sahas\u0131 ve daha fazlas\u0131&#8230;<\/p>\n","protected":false},"excerpt":{"rendered":"<p>Drama &amp; T\u0131rmanma Sahas\u0131 ve daha fazlas\u0131&#8230;<\/p>\n","protected":false},"author":1,"featured_media":142,"parent":0,"menu_order":0,"comment_status":"closed","ping_status":"closed","template":"","meta":[],"_links":{"self":[{"href":"http:\/\/www.tebesiragaci.com\/index.php\/wp-json\/wp\/v2\/pages\/141"}],"collection":[{"href":"http:\/\/www.tebesiragaci.com\/index.php\/wp-json\/wp\/v2\/pages"}],"about":[{"href":"http:\/\/www.tebesiragaci.com\/index.php\/wp-json\/wp\/v2\/types\/page"}],"author":[{"embeddable":true,"href":"http:\/\/www.tebesiragaci.com\/index.php\/wp-json\/wp\/v2\/users\/1"}],"replies":[{"embeddable":true,"href":"http:\/\/www.tebesiragaci.com\/index.php\/wp-json\/wp\/v2\/comments?post=141"}],"version-history":[{"count":1,"href":"http:\/\/www.tebesiragaci.com\/index.php\/wp-json\/wp\/v2\/pages\/141\/revisions"}],"predecessor-version":[{"id":4338,"href":"http:\/\/www.tebesiragaci.com\/index.php\/wp-json\/wp\/v2\/pages\/141\/revisions\/4338"}],"wp:featuredmedia":[{"embeddable":true,"href":"http:\/\/www.tebesiragaci.com\/index.php\/wp-json\/wp\/v2\/media\/142"}],"wp:attachment":[{"href":"http:\/\/www.tebesiragaci.com\/index.php\/wp-json\/wp\/v2\/media?parent=141"}],"curies":[{"name":"wp","href":"https:\/\/api.w.org\/{rel}","templated":true}]}}